{"id":3,"date":"2025-06-13T09:41:09","date_gmt":"2025-06-13T07:41:09","guid":{"rendered":"http:\/\/titanesbahiasurgimnasios.es\/?page_id=3"},"modified":"2025-07-04T09:07:03","modified_gmt":"2025-07-04T07:07:03","slug":"politica-de-privacidad","status":"publish","type":"page","link":"https:\/\/titanesbahiasurgimnasios.es\/en\/politica-de-privacidad\/","title":{"rendered":"Privacy Policy"},"content":{"rendered":"<div data-elementor-type=\"wp-page\" data-elementor-id=\"3\" class=\"elementor elementor-3\" data-elementor-post-type=\"page\">\n\t\t\t\t<div class=\"elementor-element elementor-element-d1bd38d e-flex e-con-boxed e-con e-parent\" data-id=\"d1bd38d\" data-element_type=\"container\" data-e-type=\"container\">\n\t\t\t\t\t<div class=\"e-con-inner\">\n\t\t\t\t<div class=\"elementor-element elementor-element-2990e166 elementor-widget elementor-widget-text-editor\" data-id=\"2990e166\" data-element_type=\"widget\" data-e-type=\"widget\" data-widget_type=\"text-editor.default\">\n\t\t\t\t<div class=\"elementor-widget-container\">\n\t\t\t\t\t\t\t\t\t\n<p><strong>Privacy Policy<\/strong><\/p>\n\n<p>En cumplimiento del Reglamento General de Protecci\u00f3n de Datos (RGPD) de la Uni\u00f3n Europea y la Ley Org\u00e1nica 3\/2018 de Protecci\u00f3n de Datos Personales y garant\u00eda de los derechos digitales (LOPDGDD), informamos a los usuarios de esta p\u00e1gina web sobre el tratamiento de sus datos personales.<\/p>\n<hr class=\"wp-block-separator has-alpha-channel-opacity\" \/>\n<p><strong>1. Responsable del tratamiento<\/strong><\/p>\n\n<p><strong>Titular del sitio web:<\/strong> TITANES DE BAHIA SUR SL<\/p>\n\n<p><strong>NIF\/CIF:<\/strong> ESB30907802<\/p>\n\n<p><strong>Direcci\u00f3n:<\/strong> Calle La V\u00eda 82, 30870 Mazarr\u00f3n, Murcia, Espa\u00f1a<\/p>\n\n<p><strong>Email de contacto:<\/strong> info@titanesbahiasurgimnasios.es<\/p>\n\n<p><strong>Tel\u00e9fono:<\/strong> +34 636 152 506<\/p>\n<hr class=\"wp-block-separator has-alpha-channel-opacity\" \/>\n<p><strong>2. Datos que recopilamos<\/strong><\/p>\n\n<p>Durante tu navegaci\u00f3n por este sitio web, podemos recopilar la siguiente informaci\u00f3n:<\/p>\n\n<ul class=\"wp-block-list\">\n<li>Datos de contacto proporcionados voluntariamente (por ejemplo, al rellenar formularios de contacto o suscripci\u00f3n).<\/li>\n\n<li>Datos de navegaci\u00f3n mediante cookies y tecnolog\u00edas similares (ver m\u00e1s abajo).<\/li>\n<\/ul>\n<hr class=\"wp-block-separator has-alpha-channel-opacity\" \/>\n<p><strong>3. Finalidad del tratamiento<\/strong><\/p>\n\n<p>Los datos se recopilan con las siguientes finalidades:<\/p>\n\n<ul class=\"wp-block-list\">\n<li>Responder a consultas realizadas a trav\u00e9s de los formularios.<\/li>\n\n<li>Gestionar reservas o solicitudes de informaci\u00f3n.<\/li>\n\n<li>Analizar el tr\u00e1fico y comportamiento de los usuarios para mejorar la experiencia de uso y el rendimiento del sitio web.<\/li>\n<\/ul>\n<hr class=\"wp-block-separator has-alpha-channel-opacity\" \/>\n<p><strong>4. Herramientas de an\u00e1lisis utilizadas<\/strong><\/p>\n\n<p>Este sitio web utiliza las siguientes herramientas de an\u00e1lisis de terceros:<\/p>\n\n<ul class=\"wp-block-list\">\n<li><strong>Google Analytics:<\/strong> Para recopilar estad\u00edsticas de navegaci\u00f3n de forma an\u00f3nima, como p\u00e1ginas visitadas, duraci\u00f3n de la visita o ubicaci\u00f3n aproximada del visitante.<\/li>\n\n<li><strong>Microsoft Clarity:<\/strong> Para analizar el comportamiento de los usuarios mediante mapas de calor, grabaciones de sesiones y clics, con el fin de mejorar la usabilidad de la web.<\/li>\n<\/ul>\n\n<p>Ambas herramientas pueden recopilar cookies y datos an\u00f3nimos. Puedes consultar sus respectivas pol\u00edticas de privacidad en:<\/p>\n\n<ul class=\"wp-block-list\">\n<li><a href=\"https:\/\/policies.google.com\/privacy\" rel=\"nofollow noopener\" target=\"_blank\">Google Analytics<\/a><\/li>\n\n<li><a href=\"https:\/\/privacy.microsoft.com\/es-es\/privacystatement\" rel=\"nofollow noopener\" target=\"_blank\">Microsoft Clarity<\/a><\/li>\n<\/ul>\n<hr class=\"wp-block-separator has-alpha-channel-opacity\" \/>\n<p><strong>5. Base legal del tratamiento<\/strong><\/p>\n\n<p>El tratamiento de tus datos se basa en:<\/p>\n\n<ul class=\"wp-block-list\">\n<li>Tu consentimiento, al aceptar nuestra pol\u00edtica de privacidad y el uso de cookies.<\/li>\n\n<li>El inter\u00e9s leg\u00edtimo para el mantenimiento y mejora de la seguridad y funcionalidad del sitio web.<\/li>\n<\/ul>\n<hr class=\"wp-block-separator has-alpha-channel-opacity\" \/>\n<p><strong>6. Derechos del usuario<\/strong><\/p>\n\n<p>Puedes ejercer los siguientes derechos sobre tus datos personales:<\/p>\n\n<ul class=\"wp-block-list\">\n<li>Derecho de acceso, rectificaci\u00f3n, cancelaci\u00f3n y oposici\u00f3n (ARCO).<\/li>\n\n<li>Derecho a la limitaci\u00f3n del tratamiento.<\/li>\n\n<li>Derecho a la portabilidad de los datos.<\/li>\n\n<li>Derecho a retirar tu consentimiento en cualquier momento.<\/li>\n<\/ul>\n\n<p>Para ejercer estos derechos, env\u00eda tu solicitud por correo electr\u00f3nico a <strong>info@titanesbahiasurgimnasios.es<\/strong>, indicando claramente tu identidad y el derecho que deseas ejercer.<\/p>\n<hr class=\"wp-block-separator has-alpha-channel-opacity\" \/>\n<p><strong>7. Conservaci\u00f3n de datos<\/strong><\/p>\n\n<p>Los datos proporcionados se conservar\u00e1n mientras sean necesarios para la finalidad con la que se recopilaron o hasta que solicites su supresi\u00f3n.<\/p>\n<hr class=\"wp-block-separator has-alpha-channel-opacity\" \/>\n<p><strong>8. Seguridad<\/strong><\/p>\n\n<p>Implementamos medidas t\u00e9cnicas y organizativas para garantizar la seguridad e integridad de los datos personales tratados, evitando su p\u00e9rdida, alteraci\u00f3n o acceso no autorizado.<\/p>\n<hr class=\"wp-block-separator has-alpha-channel-opacity\" \/>\n<p><strong>9. Cambios en esta pol\u00edtica<\/strong><\/p>\n\n<p>Nos reservamos el derecho de modificar esta pol\u00edtica de privacidad en cualquier momento. Las modificaciones ser\u00e1n publicadas en esta misma p\u00e1gina.<\/p>\n\t\t\t\t\t\t\t\t<\/div>\n\t\t\t\t<\/div>\n\t\t\t\t\t<\/div>\n\t\t\t\t<\/div>\n\t\t\t\t<\/div>","protected":false},"excerpt":{"rendered":"<p>Pol\u00edtica de Privacidad En cumplimiento del Reglamento General de Protecci\u00f3n de Datos (RGPD) de la Uni\u00f3n Europea y la Ley Org\u00e1nica 3\/2018 de Protecci\u00f3n de Datos Personales y garant\u00eda de los derechos digitales (LOPDGDD), informamos a los usuarios de esta p\u00e1gina web sobre el tratamiento de sus datos personales. 1. Responsable del tratamiento Titular del [&hellip;]<\/p>\n","protected":false},"author":1,"featured_media":0,"parent":0,"menu_order":0,"comment_status":"closed","ping_status":"closed","template":"elementor_header_footer","meta":{"footnotes":""},"class_list":["post-3","page","type-page","status-publish","hentry"],"_links":{"self":[{"href":"https:\/\/titanesbahiasurgimnasios.es\/en\/wp-json\/wp\/v2\/pages\/3","targetHints":{"allow":["GET"]}}],"collection":[{"href":"https:\/\/titanesbahiasurgimnasios.es\/en\/wp-json\/wp\/v2\/pages"}],"about":[{"href":"https:\/\/titanesbahiasurgimnasios.es\/en\/wp-json\/wp\/v2\/types\/page"}],"author":[{"embeddable":true,"href":"https:\/\/titanesbahiasurgimnasios.es\/en\/wp-json\/wp\/v2\/users\/1"}],"replies":[{"embeddable":true,"href":"https:\/\/titanesbahiasurgimnasios.es\/en\/wp-json\/wp\/v2\/comments?post=3"}],"version-history":[{"count":4,"href":"https:\/\/titanesbahiasurgimnasios.es\/en\/wp-json\/wp\/v2\/pages\/3\/revisions"}],"predecessor-version":[{"id":1132,"href":"https:\/\/titanesbahiasurgimnasios.es\/en\/wp-json\/wp\/v2\/pages\/3\/revisions\/1132"}],"wp:attachment":[{"href":"https:\/\/titanesbahiasurgimnasios.es\/en\/wp-json\/wp\/v2\/media?parent=3"}],"curies":[{"name":"wp","href":"https:\/\/api.w.org\/{rel}","templated":true}]}}