{"id":1231,"date":"2025-08-06T08:07:49","date_gmt":"2025-08-06T06:07:49","guid":{"rendered":"https:\/\/titanesbahiasurgimnasios.es\/?page_id=1231"},"modified":"2025-10-03T08:46:02","modified_gmt":"2025-10-03T06:46:02","slug":"titanes-healthy-food","status":"publish","type":"page","link":"https:\/\/titanesbahiasurgimnasios.es\/en\/titanes-healthy-food\/","title":{"rendered":"TITANES HEALTHY FOOD"},"content":{"rendered":"<div data-elementor-type=\"wp-page\" data-elementor-id=\"1231\" class=\"elementor elementor-1231\" data-elementor-post-type=\"page\">\n\t\t\t\t<div class=\"elementor-element elementor-element-b64231e e-flex e-con-boxed e-con e-parent\" data-id=\"b64231e\" data-element_type=\"container\" data-e-type=\"container\" data-settings=\"{&quot;background_background&quot;:&quot;classic&quot;}\">\n\t\t\t\t\t<div class=\"e-con-inner\">\n\t\t<div class=\"elementor-element elementor-element-eda0ea3 e-con-full e-flex e-con e-child\" data-id=\"eda0ea3\" data-element_type=\"container\" data-e-type=\"container\">\n\t\t\t\t<div class=\"elementor-element elementor-element-8ec965a elementor-widget elementor-widget-heading\" data-id=\"8ec965a\" data-element_type=\"widget\" data-e-type=\"widget\" data-widget_type=\"heading.default\">\n\t\t\t\t<div class=\"elementor-widget-container\">\n\t\t\t\t\t<h1 class=\"elementor-heading-title elementor-size-default\">TITANES HEALTHY FOOD<\/h1>\t\t\t\t<\/div>\n\t\t\t\t<\/div>\n\t\t\t\t<div class=\"elementor-element elementor-element-74595bc elementor-widget elementor-widget-image\" data-id=\"74595bc\" data-element_type=\"widget\" data-e-type=\"widget\" data-widget_type=\"image.default\">\n\t\t\t\t<div class=\"elementor-widget-container\">\n\t\t\t\t\t\t\t\t\t\t\t\t\t\t\t<img decoding=\"async\" width=\"300\" height=\"150\" src=\"https:\/\/titanesbahiasurgimnasios.es\/wp-content\/uploads\/2025\/06\/2.png\" class=\"attachment-full size-full wp-image-345\" alt=\"\" \/>\t\t\t\t\t\t\t\t\t\t\t\t\t\t\t<\/div>\n\t\t\t\t<\/div>\n\t\t\t\t<\/div>\n\t\t\t\t\t<\/div>\n\t\t\t\t<\/div>\n\t\t<div class=\"elementor-element elementor-element-77d7326 e-flex e-con-boxed e-con e-parent\" data-id=\"77d7326\" data-element_type=\"container\" data-e-type=\"container\">\n\t\t\t\t\t<div class=\"e-con-inner\">\n\t\t<div class=\"elementor-element elementor-element-9596e25 e-con-full e-flex e-con e-child\" data-id=\"9596e25\" data-element_type=\"container\" data-e-type=\"container\">\n\t\t<div class=\"elementor-element elementor-element-961b4ae e-con-full e-flex elementor-invisible e-con e-child\" data-id=\"961b4ae\" data-element_type=\"container\" data-e-type=\"container\" data-settings=\"{&quot;animation&quot;:&quot;fadeInLeft&quot;}\">\n\t\t\t\t<div class=\"elementor-element elementor-element-48eaba9 elementor-widget elementor-widget-elementskit-heading\" data-id=\"48eaba9\" data-element_type=\"widget\" data-e-type=\"widget\" data-widget_type=\"elementskit-heading.default\">\n\t\t\t\t<div class=\"elementor-widget-container\">\n\t\t\t\t\t<div class=\"ekit-wid-con\" ><div class=\"ekit-heading elementskit-section-title-wraper text_left   ekit_heading_tablet-text_center   ekit_heading_mobile-text_center\"><h1 class=\"elementskit-section-subtitle\">\n\t\t\t\t\t\tTITANES HEALTHY FOOD\n\t\t\t\t\t<\/h1><div class=\"ekit_heading_separetor_wraper ekit_heading_elementskit-border-divider elementskit-style-long\"><div class=\"elementskit-border-divider elementskit-style-long\"><\/div><\/div><h2 class=\"ekit-heading--title elementskit-section-title\">Eat Like a Titan.\nLive Like a Titan.<\/h2><\/div><\/div>\t\t\t\t<\/div>\n\t\t\t\t<\/div>\n\t\t\t\t<\/div>\n\t\t<div class=\"elementor-element elementor-element-63dd357 e-con-full e-flex elementor-invisible e-con e-child\" data-id=\"63dd357\" data-element_type=\"container\" data-e-type=\"container\" data-settings=\"{&quot;animation&quot;:&quot;fadeInRight&quot;}\">\n\t\t\t\t<div class=\"elementor-element elementor-element-6b8c5e8 elementor-widget elementor-widget-text-editor\" data-id=\"6b8c5e8\" data-element_type=\"widget\" data-e-type=\"widget\" data-widget_type=\"text-editor.default\">\n\t\t\t\t<div class=\"elementor-widget-container\">\n\t\t\t\t\t\t\t\t\t<p>At <strong>TITANES HEALTHY FOOD<\/strong> you don\u2019t just eat well \u2014 you fuel your body with fresh, healthy, energy-packed options.<br \/>Located right next to the <strong>Titanes Bah\u00eda Sur Sports Center in Puerto de Mazarr\u00f3n,<\/strong>we offer light breakfasts, smoothies, coffees, and natural infusions that perfectly complement your training and lifestyle.<\/p><p>Start your day like a true Titan, with the fuel your body needs.<\/p>\t\t\t\t\t\t\t\t<\/div>\n\t\t\t\t<\/div>\n\t\t\t\t<\/div>\n\t\t\t\t<\/div>\n\t\t<div class=\"elementor-element elementor-element-6bb878c e-con-full e-flex e-con e-child\" data-id=\"6bb878c\" data-element_type=\"container\" data-e-type=\"container\">\n\t\t<div class=\"elementor-element elementor-element-944f6b2 e-con-full e-flex elementor-invisible e-con e-child\" data-id=\"944f6b2\" data-element_type=\"container\" data-e-type=\"container\" data-settings=\"{&quot;animation&quot;:&quot;fadeInLeft&quot;}\">\n\t\t\t\t<div class=\"elementor-element elementor-element-5595575 elementor-widget elementor-widget-heading\" data-id=\"5595575\" data-element_type=\"widget\" data-e-type=\"widget\" data-widget_type=\"heading.default\">\n\t\t\t\t<div class=\"elementor-widget-container\">\n\t\t\t\t\t<h2 class=\"elementor-heading-title elementor-size-default\">\u201cHere, we don\u2019t just fuel your body \u2014 we also nourish your energy and well-being.\u201d<\/h2>\t\t\t\t<\/div>\n\t\t\t\t<\/div>\n\t\t<div class=\"elementor-element elementor-element-7c60217 e-con-full e-flex e-con e-child\" data-id=\"7c60217\" data-element_type=\"container\" data-e-type=\"container\">\n\t\t<div class=\"elementor-element elementor-element-5556d2f e-con-full e-flex e-con e-child\" data-id=\"5556d2f\" data-element_type=\"container\" data-e-type=\"container\">\n\t\t\t\t<div class=\"elementor-element elementor-element-e434b39 elementor-view-default elementor-widget elementor-widget-icon\" data-id=\"e434b39\" data-element_type=\"widget\" data-e-type=\"widget\" data-widget_type=\"icon.default\">\n\t\t\t\t<div class=\"elementor-widget-container\">\n\t\t\t\t\t\t\t<div class=\"elementor-icon-wrapper\">\n\t\t\t<div class=\"elementor-icon\">\n\t\t\t<svg aria-hidden=\"true\" class=\"e-font-icon-svg e-far-check-circle\" viewbox=\"0 0 512 512\" xmlns=\"http:\/\/www.w3.org\/2000\/svg\"><path d=\"M256 8C119.033 8 8 119.033 8 256s111.033 248 248 248 248-111.033 248-248S392.967 8 256 8zm0 48c110.532 0 200 89.451 200 200 0 110.532-89.451 200-200 200-110.532 0-200-89.451-200-200 0-110.532 89.451-200 200-200m140.204 130.267l-22.536-22.718c-4.667-4.705-12.265-4.736-16.97-.068L215.346 303.697l-59.792-60.277c-4.667-4.705-12.265-4.736-16.97-.069l-22.719 22.536c-4.705 4.667-4.736 12.265-.068 16.971l90.781 91.516c4.667 4.705 12.265 4.736 16.97.068l172.589-171.204c4.704-4.668 4.734-12.266.067-16.971z\"><\/path><\/svg>\t\t\t<\/div>\n\t\t<\/div>\n\t\t\t\t\t\t<\/div>\n\t\t\t\t<\/div>\n\t\t\t\t<div class=\"elementor-element elementor-element-458eb1e elementor-widget__width-initial elementor-icon-list--layout-traditional elementor-list-item-link-full_width elementor-widget elementor-widget-icon-list\" data-id=\"458eb1e\" data-element_type=\"widget\" data-e-type=\"widget\" data-widget_type=\"icon-list.default\">\n\t\t\t\t<div class=\"elementor-widget-container\">\n\t\t\t\t\t\t\t<ul class=\"elementor-icon-list-items\">\n\t\t\t\t\t\t\t<li class=\"elementor-icon-list-item\">\n\t\t\t\t\t\t\t\t\t\t<span class=\"elementor-icon-list-text\">Healthy breakfasts, smoothies, coffees, and natural infusions<\/span>\n\t\t\t\t\t\t\t\t\t<\/li>\n\t\t\t\t\t\t<\/ul>\n\t\t\t\t\t\t<\/div>\n\t\t\t\t<\/div>\n\t\t\t\t<\/div>\n\t\t<div class=\"elementor-element elementor-element-584837f e-con-full e-flex e-con e-child\" data-id=\"584837f\" data-element_type=\"container\" data-e-type=\"container\">\n\t\t\t\t<div class=\"elementor-element elementor-element-5f45588 elementor-view-default elementor-widget elementor-widget-icon\" data-id=\"5f45588\" data-element_type=\"widget\" data-e-type=\"widget\" data-widget_type=\"icon.default\">\n\t\t\t\t<div class=\"elementor-widget-container\">\n\t\t\t\t\t\t\t<div class=\"elementor-icon-wrapper\">\n\t\t\t<div class=\"elementor-icon\">\n\t\t\t<svg aria-hidden=\"true\" class=\"e-font-icon-svg e-far-check-circle\" viewbox=\"0 0 512 512\" xmlns=\"http:\/\/www.w3.org\/2000\/svg\"><path d=\"M256 8C119.033 8 8 119.033 8 256s111.033 248 248 248 248-111.033 248-248S392.967 8 256 8zm0 48c110.532 0 200 89.451 200 200 0 110.532-89.451 200-200 200-110.532 0-200-89.451-200-200 0-110.532 89.451-200 200-200m140.204 130.267l-22.536-22.718c-4.667-4.705-12.265-4.736-16.97-.068L215.346 303.697l-59.792-60.277c-4.667-4.705-12.265-4.736-16.97-.069l-22.719 22.536c-4.705 4.667-4.736 12.265-.068 16.971l90.781 91.516c4.667 4.705 12.265 4.736 16.97.068l172.589-171.204c4.704-4.668 4.734-12.266.067-16.971z\"><\/path><\/svg>\t\t\t<\/div>\n\t\t<\/div>\n\t\t\t\t\t\t<\/div>\n\t\t\t\t<\/div>\n\t\t\t\t<div class=\"elementor-element elementor-element-9f190b3 elementor-widget__width-initial elementor-icon-list--layout-traditional elementor-list-item-link-full_width elementor-widget elementor-widget-icon-list\" data-id=\"9f190b3\" data-element_type=\"widget\" data-e-type=\"widget\" data-widget_type=\"icon-list.default\">\n\t\t\t\t<div class=\"elementor-widget-container\">\n\t\t\t\t\t\t\t<ul class=\"elementor-icon-list-items\">\n\t\t\t\t\t\t\t<li class=\"elementor-icon-list-item\">\n\t\t\t\t\t\t\t\t\t\t<span class=\"elementor-icon-list-text\">Fresh ingredients, vegan options, and energy-boosting choices<\/span>\n\t\t\t\t\t\t\t\t\t<\/li>\n\t\t\t\t\t\t<\/ul>\n\t\t\t\t\t\t<\/div>\n\t\t\t\t<\/div>\n\t\t\t\t<\/div>\n\t\t<div class=\"elementor-element elementor-element-edd8ca5 e-con-full e-flex e-con e-child\" data-id=\"edd8ca5\" data-element_type=\"container\" data-e-type=\"container\">\n\t\t\t\t<div class=\"elementor-element elementor-element-c26cf36 elementor-view-default elementor-widget elementor-widget-icon\" data-id=\"c26cf36\" data-element_type=\"widget\" data-e-type=\"widget\" data-widget_type=\"icon.default\">\n\t\t\t\t<div class=\"elementor-widget-container\">\n\t\t\t\t\t\t\t<div class=\"elementor-icon-wrapper\">\n\t\t\t<div class=\"elementor-icon\">\n\t\t\t<svg aria-hidden=\"true\" class=\"e-font-icon-svg e-far-check-circle\" viewbox=\"0 0 512 512\" xmlns=\"http:\/\/www.w3.org\/2000\/svg\"><path d=\"M256 8C119.033 8 8 119.033 8 256s111.033 248 248 248 248-111.033 248-248S392.967 8 256 8zm0 48c110.532 0 200 89.451 200 200 0 110.532-89.451 200-200 200-110.532 0-200-89.451-200-200 0-110.532 89.451-200 200-200m140.204 130.267l-22.536-22.718c-4.667-4.705-12.265-4.736-16.97-.068L215.346 303.697l-59.792-60.277c-4.667-4.705-12.265-4.736-16.97-.069l-22.719 22.536c-4.705 4.667-4.736 12.265-.068 16.971l90.781 91.516c4.667 4.705 12.265 4.736 16.97.068l172.589-171.204c4.704-4.668 4.734-12.266.067-16.971z\"><\/path><\/svg>\t\t\t<\/div>\n\t\t<\/div>\n\t\t\t\t\t\t<\/div>\n\t\t\t\t<\/div>\n\t\t\t\t<div class=\"elementor-element elementor-element-313c763 elementor-widget__width-initial elementor-icon-list--layout-traditional elementor-list-item-link-full_width elementor-widget elementor-widget-icon-list\" data-id=\"313c763\" data-element_type=\"widget\" data-e-type=\"widget\" data-widget_type=\"icon-list.default\">\n\t\t\t\t<div class=\"elementor-widget-container\">\n\t\t\t\t\t\t\t<ul class=\"elementor-icon-list-items\">\n\t\t\t\t\t\t\t<li class=\"elementor-icon-list-item\">\n\t\t\t\t\t\t\t\t\t\t<span class=\"elementor-icon-list-text\">Located right next to the Titanes Bah\u00eda Sur gym<\/span>\n\t\t\t\t\t\t\t\t\t<\/li>\n\t\t\t\t\t\t<\/ul>\n\t\t\t\t\t\t<\/div>\n\t\t\t\t<\/div>\n\t\t\t\t<\/div>\n\t\t\t\t<\/div>\n\t\t\t\t<div class=\"elementor-element elementor-element-297fc71 elementor-align-left elementor-mobile-align-center elementor-widget elementor-widget-button\" data-id=\"297fc71\" data-element_type=\"widget\" data-e-type=\"widget\" data-widget_type=\"button.default\">\n\t\t\t\t<div class=\"elementor-widget-container\">\n\t\t\t\t\t\t\t\t\t<div class=\"elementor-button-wrapper\">\n\t\t\t\t\t<a class=\"elementor-button elementor-button-link elementor-size-sm\" href=\"https:\/\/carta.avocaty.io\/titans-healthy-food\" target=\"_blank\" rel=\"nofollow noopener\">\n\t\t\t\t\t\t<span class=\"elementor-button-content-wrapper\">\n\t\t\t\t\t\t\t\t\t<span class=\"elementor-button-text\">VIEW FULL MENU<\/span>\n\t\t\t\t\t<\/span>\n\t\t\t\t\t<\/a>\n\t\t\t\t<\/div>\n\t\t\t\t\t\t\t\t<\/div>\n\t\t\t\t<\/div>\n\t\t\t\t<\/div>\n\t\t<div class=\"elementor-element elementor-element-c9493ef e-con-full e-flex elementor-invisible e-con e-child\" data-id=\"c9493ef\" data-element_type=\"container\" data-e-type=\"container\" data-settings=\"{&quot;animation&quot;:&quot;fadeIn&quot;}\">\n\t\t\t\t<div class=\"elementor-element elementor-element-0481349 elementor-arrows-position-inside elementor-widget elementor-widget-image-carousel\" data-id=\"0481349\" data-element_type=\"widget\" data-e-type=\"widget\" data-settings=\"{&quot;slides_to_show&quot;:&quot;2&quot;,&quot;autoplay_speed&quot;:3000,&quot;slides_to_scroll&quot;:&quot;1&quot;,&quot;navigation&quot;:&quot;arrows&quot;,&quot;image_spacing_custom&quot;:{&quot;unit&quot;:&quot;px&quot;,&quot;size&quot;:10,&quot;sizes&quot;:[]},&quot;autoplay&quot;:&quot;yes&quot;,&quot;pause_on_hover&quot;:&quot;yes&quot;,&quot;pause_on_interaction&quot;:&quot;yes&quot;,&quot;infinite&quot;:&quot;yes&quot;,&quot;speed&quot;:500,&quot;image_spacing_custom_tablet&quot;:{&quot;unit&quot;:&quot;px&quot;,&quot;size&quot;:&quot;&quot;,&quot;sizes&quot;:[]},&quot;image_spacing_custom_mobile&quot;:{&quot;unit&quot;:&quot;px&quot;,&quot;size&quot;:&quot;&quot;,&quot;sizes&quot;:[]}}\" data-widget_type=\"image-carousel.default\">\n\t\t\t\t<div class=\"elementor-widget-container\">\n\t\t\t\t\t\t\t<div class=\"elementor-image-carousel-wrapper swiper\" role=\"region\" aria-roledescription=\"carousel\" aria-label=\"Carrusel de im\u00e1genes\" dir=\"ltr\">\n\t\t\t<div class=\"elementor-image-carousel swiper-wrapper swiper-image-stretch\" aria-live=\"off\">\n\t\t\t\t\t\t\t\t<div class=\"swiper-slide\" role=\"group\" aria-roledescription=\"slide\" aria-label=\"1 de 9\"><a data-elementor-open-lightbox=\"yes\" data-elementor-lightbox-slideshow=\"0481349\" data-elementor-lightbox-title=\"unnamed (2)\" data-e-action-hash=\"#elementor-action%3Aaction%3Dlightbox%26settings%3DeyJpZCI6MTI0MiwidXJsIjoiaHR0cHM6XC9cL3RpdGFuZXNiYWhpYXN1cmdpbW5hc2lvcy5lc1wvd3AtY29udGVudFwvdXBsb2Fkc1wvMjAyNVwvMDhcL3VubmFtZWQtMi53ZWJwIiwic2xpZGVzaG93IjoiMDQ4MTM0OSJ9\" href=\"https:\/\/titanesbahiasurgimnasios.es\/wp-content\/uploads\/2025\/08\/unnamed-2.webp\"><figure class=\"swiper-slide-inner\"><img decoding=\"async\" class=\"swiper-slide-image\" src=\"https:\/\/titanesbahiasurgimnasios.es\/wp-content\/uploads\/2025\/08\/unnamed-2.webp\" alt=\"unnamed (2)\" \/><\/figure><\/a><\/div><div class=\"swiper-slide\" role=\"group\" aria-roledescription=\"slide\" aria-label=\"2 de 9\"><a data-elementor-open-lightbox=\"yes\" data-elementor-lightbox-slideshow=\"0481349\" data-elementor-lightbox-title=\"unnamed (1)\" data-e-action-hash=\"#elementor-action%3Aaction%3Dlightbox%26settings%3DeyJpZCI6MTI0MywidXJsIjoiaHR0cHM6XC9cL3RpdGFuZXNiYWhpYXN1cmdpbW5hc2lvcy5lc1wvd3AtY29udGVudFwvdXBsb2Fkc1wvMjAyNVwvMDhcL3VubmFtZWQtMS53ZWJwIiwic2xpZGVzaG93IjoiMDQ4MTM0OSJ9\" href=\"https:\/\/titanesbahiasurgimnasios.es\/wp-content\/uploads\/2025\/08\/unnamed-1.webp\"><figure class=\"swiper-slide-inner\"><img decoding=\"async\" class=\"swiper-slide-image\" src=\"https:\/\/titanesbahiasurgimnasios.es\/wp-content\/uploads\/2025\/08\/unnamed-1.webp\" alt=\"unnamed (1)\" \/><\/figure><\/a><\/div><div class=\"swiper-slide\" role=\"group\" aria-roledescription=\"slide\" aria-label=\"3 de 9\"><a data-elementor-open-lightbox=\"yes\" data-elementor-lightbox-slideshow=\"0481349\" data-elementor-lightbox-title=\"unnamed\" data-e-action-hash=\"#elementor-action%3Aaction%3Dlightbox%26settings%3DeyJpZCI6MTI0NCwidXJsIjoiaHR0cHM6XC9cL3RpdGFuZXNiYWhpYXN1cmdpbW5hc2lvcy5lc1wvd3AtY29udGVudFwvdXBsb2Fkc1wvMjAyNVwvMDhcL3VubmFtZWQud2VicCIsInNsaWRlc2hvdyI6IjA0ODEzNDkifQ%3D%3D\" href=\"https:\/\/titanesbahiasurgimnasios.es\/wp-content\/uploads\/2025\/08\/unnamed.webp\"><figure class=\"swiper-slide-inner\"><img decoding=\"async\" class=\"swiper-slide-image\" src=\"https:\/\/titanesbahiasurgimnasios.es\/wp-content\/uploads\/2025\/08\/unnamed.webp\" alt=\"unnamed\" \/><\/figure><\/a><\/div><div class=\"swiper-slide\" role=\"group\" aria-roledescription=\"slide\" aria-label=\"4 de 9\"><a data-elementor-open-lightbox=\"yes\" data-elementor-lightbox-slideshow=\"0481349\" data-elementor-lightbox-title=\"2025-07-08 (1)\" data-e-action-hash=\"#elementor-action%3Aaction%3Dlightbox%26settings%3DeyJpZCI6MTI0NSwidXJsIjoiaHR0cHM6XC9cL3RpdGFuZXNiYWhpYXN1cmdpbW5hc2lvcy5lc1wvd3AtY29udGVudFwvdXBsb2Fkc1wvMjAyNVwvMDhcLzIwMjUtMDctMDgtMS53ZWJwIiwic2xpZGVzaG93IjoiMDQ4MTM0OSJ9\" href=\"https:\/\/titanesbahiasurgimnasios.es\/wp-content\/uploads\/2025\/08\/2025-07-08-1.webp\"><figure class=\"swiper-slide-inner\"><img decoding=\"async\" class=\"swiper-slide-image\" src=\"https:\/\/titanesbahiasurgimnasios.es\/wp-content\/uploads\/2025\/08\/2025-07-08-1.webp\" alt=\"2025-07-08 (1)\" \/><\/figure><\/a><\/div><div class=\"swiper-slide\" role=\"group\" aria-roledescription=\"slide\" aria-label=\"5 de 9\"><a data-elementor-open-lightbox=\"yes\" data-elementor-lightbox-slideshow=\"0481349\" data-elementor-lightbox-title=\"2025-07-07 (3)\" data-e-action-hash=\"#elementor-action%3Aaction%3Dlightbox%26settings%3DeyJpZCI6MTI0NiwidXJsIjoiaHR0cHM6XC9cL3RpdGFuZXNiYWhpYXN1cmdpbW5hc2lvcy5lc1wvd3AtY29udGVudFwvdXBsb2Fkc1wvMjAyNVwvMDhcLzIwMjUtMDctMDctMy53ZWJwIiwic2xpZGVzaG93IjoiMDQ4MTM0OSJ9\" href=\"https:\/\/titanesbahiasurgimnasios.es\/wp-content\/uploads\/2025\/08\/2025-07-07-3.webp\"><figure class=\"swiper-slide-inner\"><img decoding=\"async\" class=\"swiper-slide-image\" src=\"https:\/\/titanesbahiasurgimnasios.es\/wp-content\/uploads\/2025\/08\/2025-07-07-3.webp\" alt=\"2025-07-07 (3)\" \/><\/figure><\/a><\/div><div class=\"swiper-slide\" role=\"group\" aria-roledescription=\"slide\" aria-label=\"6 de 9\"><a data-elementor-open-lightbox=\"yes\" data-elementor-lightbox-slideshow=\"0481349\" data-elementor-lightbox-title=\"2025-07-07 (2)\" data-e-action-hash=\"#elementor-action%3Aaction%3Dlightbox%26settings%3DeyJpZCI6MTI0NywidXJsIjoiaHR0cHM6XC9cL3RpdGFuZXNiYWhpYXN1cmdpbW5hc2lvcy5lc1wvd3AtY29udGVudFwvdXBsb2Fkc1wvMjAyNVwvMDhcLzIwMjUtMDctMDctMi53ZWJwIiwic2xpZGVzaG93IjoiMDQ4MTM0OSJ9\" href=\"https:\/\/titanesbahiasurgimnasios.es\/wp-content\/uploads\/2025\/08\/2025-07-07-2.webp\"><figure class=\"swiper-slide-inner\"><img decoding=\"async\" class=\"swiper-slide-image\" src=\"https:\/\/titanesbahiasurgimnasios.es\/wp-content\/uploads\/2025\/08\/2025-07-07-2.webp\" alt=\"2025-07-07 (2)\" \/><\/figure><\/a><\/div><div class=\"swiper-slide\" role=\"group\" aria-roledescription=\"slide\" aria-label=\"7 de 9\"><a data-elementor-open-lightbox=\"yes\" data-elementor-lightbox-slideshow=\"0481349\" data-elementor-lightbox-title=\"2025-07-08\" data-e-action-hash=\"#elementor-action%3Aaction%3Dlightbox%26settings%3DeyJpZCI6MTI0OCwidXJsIjoiaHR0cHM6XC9cL3RpdGFuZXNiYWhpYXN1cmdpbW5hc2lvcy5lc1wvd3AtY29udGVudFwvdXBsb2Fkc1wvMjAyNVwvMDhcLzIwMjUtMDctMDgud2VicCIsInNsaWRlc2hvdyI6IjA0ODEzNDkifQ%3D%3D\" href=\"https:\/\/titanesbahiasurgimnasios.es\/wp-content\/uploads\/2025\/08\/2025-07-08.webp\"><figure class=\"swiper-slide-inner\"><img decoding=\"async\" class=\"swiper-slide-image\" src=\"https:\/\/titanesbahiasurgimnasios.es\/wp-content\/uploads\/2025\/08\/2025-07-08.webp\" alt=\"2025-07-08\" \/><\/figure><\/a><\/div><div class=\"swiper-slide\" role=\"group\" aria-roledescription=\"slide\" aria-label=\"8 de 9\"><a data-elementor-open-lightbox=\"yes\" data-elementor-lightbox-slideshow=\"0481349\" data-elementor-lightbox-title=\"2025-07-07 (1)\" data-e-action-hash=\"#elementor-action%3Aaction%3Dlightbox%26settings%3DeyJpZCI6MTI0OSwidXJsIjoiaHR0cHM6XC9cL3RpdGFuZXNiYWhpYXN1cmdpbW5hc2lvcy5lc1wvd3AtY29udGVudFwvdXBsb2Fkc1wvMjAyNVwvMDhcLzIwMjUtMDctMDctMS53ZWJwIiwic2xpZGVzaG93IjoiMDQ4MTM0OSJ9\" href=\"https:\/\/titanesbahiasurgimnasios.es\/wp-content\/uploads\/2025\/08\/2025-07-07-1.webp\"><figure class=\"swiper-slide-inner\"><img decoding=\"async\" class=\"swiper-slide-image\" src=\"https:\/\/titanesbahiasurgimnasios.es\/wp-content\/uploads\/2025\/08\/2025-07-07-1.webp\" alt=\"2025-07-07 (1)\" \/><\/figure><\/a><\/div><div class=\"swiper-slide\" role=\"group\" aria-roledescription=\"slide\" aria-label=\"9 de 9\"><a data-elementor-open-lightbox=\"yes\" data-elementor-lightbox-slideshow=\"0481349\" data-elementor-lightbox-title=\"2025-07-07\" data-e-action-hash=\"#elementor-action%3Aaction%3Dlightbox%26settings%3DeyJpZCI6MTI1MCwidXJsIjoiaHR0cHM6XC9cL3RpdGFuZXNiYWhpYXN1cmdpbW5hc2lvcy5lc1wvd3AtY29udGVudFwvdXBsb2Fkc1wvMjAyNVwvMDhcLzIwMjUtMDctMDcud2VicCIsInNsaWRlc2hvdyI6IjA0ODEzNDkifQ%3D%3D\" href=\"https:\/\/titanesbahiasurgimnasios.es\/wp-content\/uploads\/2025\/08\/2025-07-07.webp\"><figure class=\"swiper-slide-inner\"><img decoding=\"async\" class=\"swiper-slide-image\" src=\"https:\/\/titanesbahiasurgimnasios.es\/wp-content\/uploads\/2025\/08\/2025-07-07.webp\" alt=\"2025-07-07\" \/><\/figure><\/a><\/div>\t\t\t<\/div>\n\t\t\t\t\t\t\t\t\t\t\t\t<div class=\"elementor-swiper-button elementor-swiper-button-prev\" role=\"button\" tabindex=\"0\">\n\t\t\t\t\t\t<svg aria-hidden=\"true\" class=\"e-font-icon-svg e-eicon-chevron-left\" viewbox=\"0 0 1000 1000\" xmlns=\"http:\/\/www.w3.org\/2000\/svg\"><path d=\"M646 125C629 125 613 133 604 142L308 442C296 454 292 471 292 487 292 504 296 521 308 533L604 854C617 867 629 875 646 875 663 875 679 871 692 858 704 846 713 829 713 812 713 796 708 779 692 767L438 487 692 225C700 217 708 204 708 187 708 171 704 154 692 142 675 129 663 125 646 125Z\"><\/path><\/svg>\t\t\t\t\t<\/div>\n\t\t\t\t\t<div class=\"elementor-swiper-button elementor-swiper-button-next\" role=\"button\" tabindex=\"0\">\n\t\t\t\t\t\t<svg aria-hidden=\"true\" class=\"e-font-icon-svg e-eicon-chevron-right\" viewbox=\"0 0 1000 1000\" xmlns=\"http:\/\/www.w3.org\/2000\/svg\"><path d=\"M696 533C708 521 713 504 713 487 713 471 708 454 696 446L400 146C388 133 375 125 354 125 338 125 325 129 313 142 300 154 292 171 292 187 292 204 296 221 308 233L563 492 304 771C292 783 288 800 288 817 288 833 296 850 308 863 321 871 338 875 354 875 371 875 388 867 400 854L696 533Z\"><\/path><\/svg>\t\t\t\t\t<\/div>\n\t\t\t\t\n\t\t\t\t\t\t\t\t\t<\/div>\n\t\t\t\t\t\t<\/div>\n\t\t\t\t<\/div>\n\t\t\t\t<\/div>\n\t\t\t\t<\/div>\n\t\t\t\t\t<\/div>\n\t\t\t\t<\/div>\n\t\t\t\t<\/div>","protected":false},"excerpt":{"rendered":"<p>TITANES HEALTHY FOOD TITANES HEALTHY FOOD Come Como Un Tit\u00e1n. Vive Como Un Tit\u00e1n. En Titanes Healthy Food no solo comes bien, sino que nutres tu cuerpo con opciones frescas, saludables y llenas de energ\u00eda.Ubicado justo al lado del Centro Deportivo Titanes Bah\u00eda Sur Puerto de Mazarr\u00f3n, ofrecemos desayunos ligeros, smoothies, caf\u00e9s e infusiones naturales [&hellip;]<\/p>\n","protected":false},"author":1,"featured_media":0,"parent":0,"menu_order":0,"comment_status":"closed","ping_status":"closed","template":"elementor_header_footer","meta":{"footnotes":""},"class_list":["post-1231","page","type-page","status-publish","hentry"],"_links":{"self":[{"href":"https:\/\/titanesbahiasurgimnasios.es\/en\/wp-json\/wp\/v2\/pages\/1231","targetHints":{"allow":["GET"]}}],"collection":[{"href":"https:\/\/titanesbahiasurgimnasios.es\/en\/wp-json\/wp\/v2\/pages"}],"about":[{"href":"https:\/\/titanesbahiasurgimnasios.es\/en\/wp-json\/wp\/v2\/types\/page"}],"author":[{"embeddable":true,"href":"https:\/\/titanesbahiasurgimnasios.es\/en\/wp-json\/wp\/v2\/users\/1"}],"replies":[{"embeddable":true,"href":"https:\/\/titanesbahiasurgimnasios.es\/en\/wp-json\/wp\/v2\/comments?post=1231"}],"version-history":[{"count":31,"href":"https:\/\/titanesbahiasurgimnasios.es\/en\/wp-json\/wp\/v2\/pages\/1231\/revisions"}],"predecessor-version":[{"id":1436,"href":"https:\/\/titanesbahiasurgimnasios.es\/en\/wp-json\/wp\/v2\/pages\/1231\/revisions\/1436"}],"wp:attachment":[{"href":"https:\/\/titanesbahiasurgimnasios.es\/en\/wp-json\/wp\/v2\/media?parent=1231"}],"curies":[{"name":"wp","href":"https:\/\/api.w.org\/{rel}","templated":true}]}}